{"id":13,"date":"2021-02-25T10:11:35","date_gmt":"2021-02-25T09:11:35","guid":{"rendered":"http:\/\/wytworniarozrywki.pl\/?page_id=13"},"modified":"2022-04-11T07:36:22","modified_gmt":"2022-04-11T05:36:22","slug":"strona-glowna","status":"publish","type":"page","link":"http:\/\/wytworniarozrywki.pl\/","title":{"rendered":"Strona g\u0142\u00f3wna"},"content":{"rendered":"\t\t<div data-elementor-type=\"wp-page\" data-elementor-id=\"13\" class=\"elementor elementor-13\">\n\t\t\t\t\t\t\t\t\t<section class=\"elementor-section elementor-top-section elementor-element elementor-element-49278cc elementor-section-full_width elementor-section-height-default elementor-section-height-default\" data-id=\"49278cc\" data-element_type=\"section\">\n\t\t\t\t\t\t<div class=\"elementor-container elementor-column-gap-default\">\n\t\t\t\t\t<div class=\"elementor-column elementor-col-100 elementor-top-column elementor-element elementor-element-856e1b9\" data-id=\"856e1b9\" data-element_type=\"column\">\n\t\t\t<div class=\"elementor-widget-wrap elementor-element-populated\">\n\t\t\t\t\t\t\t\t<div class=\"elementor-element elementor-element-6fd6001 elementor-widget elementor-widget-heading\" data-id=\"6fd6001\" data-element_type=\"widget\" data-widget_type=\"heading.default\">\n\t\t\t\t<div class=\"elementor-widget-container\">\n\t\t\t<h2 class=\"elementor-heading-title elementor-size-default\">STRONA W BUDOWIE<\/h2>\t\t<\/div>\n\t\t\t\t<\/div>\n\t\t\t\t<div class=\"elementor-element elementor-element-673bd46 elementor-widget elementor-widget-image\" data-id=\"673bd46\" data-element_type=\"widget\" data-widget_type=\"image.default\">\n\t\t\t\t<div class=\"elementor-widget-container\">\n\t\t\t\t\t\t\t\t\t\t\t\t\t\t\t<img src=\"http:\/\/wytworniarozrywki.pl\/wp-content\/uploads\/elementor\/thumbs\/Bez-nazwy-p3dmslfwj1ry9ief1lcnn3qi1rq1r50mci2rn88oni.png\" title=\"Bez nazwy\" alt=\"Bez nazwy\" \/>\t\t\t\t\t\t\t\t\t\t\t\t\t\t\t<\/div>\n\t\t\t\t<\/div>\n\t\t\t\t<div class=\"elementor-element elementor-element-9245ce8 elementor-widget elementor-widget-text-editor\" data-id=\"9245ce8\" data-element_type=\"widget\" data-widget_type=\"text-editor.default\">\n\t\t\t\t<div class=\"elementor-widget-container\">\n\t\t\t\t\t\t\t<p style=\"text-align: center;\"><strong><span style=\"color: #cc0099;\">biuro@wytworniarozrywki.pl<\/span><\/strong><\/p><p style=\"text-align: center;\"><strong>Tymczasem zapraszamy do zapoznania si\u0119 z<a href=\"http:\/\/wytworniarozrywki.pl\/wp-content\/uploads\/2022\/04\/PRZYKLADY-REALIZOWANYCH-PROJEKTOW.pdf\"><span style=\"color: #cc0099;\"> przyk\u0142adami naszych projekt\u00f3w<\/span><\/a><\/strong><\/p><p style=\"text-align: center;\"><strong>oraz na stron\u0119<\/strong><\/p>\t\t\t\t\t\t<\/div>\n\t\t\t\t<\/div>\n\t\t\t\t<div class=\"elementor-element elementor-element-30779ea elementor-widget elementor-widget-text-editor\" data-id=\"30779ea\" data-element_type=\"widget\" data-widget_type=\"text-editor.default\">\n\t\t\t\t<div class=\"elementor-widget-container\">\n\t\t\t\t\t\t\t<p style=\"text-align: center;\"><strong><span style=\"color: #cc0099;\"><a style=\"color: #cc0099;\" href=\"http:\/\/www.dekoratorniaprezentow.pl\">www.dekoratorniaprezentow.pl<\/a><\/span><\/strong><\/p>\t\t\t\t\t\t<\/div>\n\t\t\t\t<\/div>\n\t\t\t\t\t<\/div>\n\t\t<\/div>\n\t\t\t\t\t\t\t<\/div>\n\t\t<\/section>\n\t\t\t\t\t\t\t<\/div>\n\t\t","protected":false},"excerpt":{"rendered":"<p>STRONA W BUDOWIE biuro@wytworniarozrywki.pl Tymczasem zapraszamy do zapoznania si\u0119 z przyk\u0142adami naszych projekt\u00f3w oraz na stron\u0119 www.dekoratorniaprezentow.pl<\/p>\n","protected":false},"author":1,"featured_media":0,"parent":0,"menu_order":0,"comment_status":"closed","ping_status":"closed","template":"","meta":[],"_links":{"self":[{"href":"http:\/\/wytworniarozrywki.pl\/index.php?rest_route=\/wp\/v2\/pages\/13"}],"collection":[{"href":"http:\/\/wytworniarozrywki.pl\/index.php?rest_route=\/wp\/v2\/pages"}],"about":[{"href":"http:\/\/wytworniarozrywki.pl\/index.php?rest_route=\/wp\/v2\/types\/page"}],"author":[{"embeddable":true,"href":"http:\/\/wytworniarozrywki.pl\/index.php?rest_route=\/wp\/v2\/users\/1"}],"replies":[{"embeddable":true,"href":"http:\/\/wytworniarozrywki.pl\/index.php?rest_route=%2Fwp%2Fv2%2Fcomments&post=13"}],"version-history":[{"count":42,"href":"http:\/\/wytworniarozrywki.pl\/index.php?rest_route=\/wp\/v2\/pages\/13\/revisions"}],"predecessor-version":[{"id":75,"href":"http:\/\/wytworniarozrywki.pl\/index.php?rest_route=\/wp\/v2\/pages\/13\/revisions\/75"}],"wp:attachment":[{"href":"http:\/\/wytworniarozrywki.pl\/index.php?rest_route=%2Fwp%2Fv2%2Fmedia&parent=13"}],"curies":[{"name":"wp","href":"https:\/\/api.w.org\/{rel}","templated":true}]}}